{"id":5,"date":"2020-04-25T07:16:20","date_gmt":"2020-04-25T05:16:20","guid":{"rendered":"http:\/\/chatterie-des-sapins-clairs.fr\/mainecoon\/?page_id=5"},"modified":"2020-04-25T07:16:20","modified_gmt":"2020-04-25T05:16:20","slug":"le-maine-coon","status":"publish","type":"page","link":"http:\/\/chatterie-des-sapins-clairs.fr\/mainecoon\/","title":{"rendered":"Le Maine Coon"},"content":{"rendered":"\n<p>L\u2019origine du Maine Coon rejoint le sillage des premiers bateaux des colons europ\u00e9ens accostant sur les c\u00f4tes am\u00e9ricaines avec, dans leurs cales, des chats voyageurs dont certains \u00e0 poil long. Une partie des petits f\u00e9lins \u00e9chapp\u00e9s \u00e0 terre et livr\u00e9s \u00e0 eux-m\u00eames devront leur survie \u00e0 leur facult\u00e9 d\u2019adaptation au climat hivernal du Maine. Ils d\u00e9velopp\u00e8rent une fourrure quasi imperm\u00e9able, une musculature puissante et une solide m\u00e2choire de chasseur. Dans les ann\u00e9es 1860, les fermiers du Maine commencent \u00e0 pr\u00e9senter leurs plus beaux sujets au cours des comices agricoles. Peu apr\u00e8s, le Maine Coon fait sensation lors des premi\u00e8res expositions f\u00e9lines aux USA. Le succ\u00e8s est pourtant de courte dur\u00e9e quand arrivent d\u2019Angleterre les Persans, qui paraissent bien plus exotiques. Ce n\u2019est qu\u2019en 1950 que des \u00e9leveurs recommencent \u00e0 s\u2019int\u00e9resser \u00e0 lui en fondant le premier club de race. Le Maine Coon est reconnu en 1976 par la Cat Fanciers\u2019 Association (CFA), le plus grand club f\u00e9lin am\u00e9ricain, et son succ\u00e8s ne s\u2019est jamais d\u00e9menti depuis.<\/p>\n","protected":false},"excerpt":{"rendered":"<p>L\u2019origine du Maine Coon rejoint le sillage des premiers bateaux des colons europ\u00e9ens accostant sur les c\u00f4tes am\u00e9ricaines avec, dans leurs cales, des chats voyageurs dont certains \u00e0 poil long. Une partie des petits f\u00e9lins \u00e9chapp\u00e9s \u00e0 terre et livr\u00e9s \u00e0 eux-m\u00eames devront leur survie \u00e0 leur facult\u00e9 d\u2019adaptation au climat hivernal du Maine. Ils &hellip; <\/p>\n<p class=\"link-more\"><a href=\"http:\/\/chatterie-des-sapins-clairs.fr\/mainecoon\/\" class=\"more-link\">Continuer la lecture<span class=\"screen-reader-text\"> de &laquo;&nbsp;Le Maine Coon&nbsp;&raquo;<\/span><\/a><\/p>\n","protected":false},"author":1,"featured_media":0,"parent":0,"menu_order":0,"comment_status":"closed","ping_status":"closed","template":"","meta":{"ngg_post_thumbnail":0},"_links":{"self":[{"href":"http:\/\/chatterie-des-sapins-clairs.fr\/mainecoon\/wp-json\/wp\/v2\/pages\/5"}],"collection":[{"href":"http:\/\/chatterie-des-sapins-clairs.fr\/mainecoon\/wp-json\/wp\/v2\/pages"}],"about":[{"href":"http:\/\/chatterie-des-sapins-clairs.fr\/mainecoon\/wp-json\/wp\/v2\/types\/page"}],"author":[{"embeddable":true,"href":"http:\/\/chatterie-des-sapins-clairs.fr\/mainecoon\/wp-json\/wp\/v2\/users\/1"}],"replies":[{"embeddable":true,"href":"http:\/\/chatterie-des-sapins-clairs.fr\/mainecoon\/wp-json\/wp\/v2\/comments?post=5"}],"version-history":[{"count":1,"href":"http:\/\/chatterie-des-sapins-clairs.fr\/mainecoon\/wp-json\/wp\/v2\/pages\/5\/revisions"}],"predecessor-version":[{"id":6,"href":"http:\/\/chatterie-des-sapins-clairs.fr\/mainecoon\/wp-json\/wp\/v2\/pages\/5\/revisions\/6"}],"wp:attachment":[{"href":"http:\/\/chatterie-des-sapins-clairs.fr\/mainecoon\/wp-json\/wp\/v2\/media?parent=5"}],"curies":[{"name":"wp","href":"https:\/\/api.w.org\/{rel}","templated":true}]}}